{"id":2,"date":"2011-06-01T13:15:21","date_gmt":"2011-06-01T12:15:21","guid":{"rendered":"https:\/\/www.1rf.tv\/tech\/?page_id=2"},"modified":"2012-07-25T20:40:09","modified_gmt":"2012-07-25T18:40:09","slug":"ueber","status":"publish","type":"page","link":"https:\/\/www.1rf.tv\/technik\/ueber","title":{"rendered":"\u00fcber 1RF technik"},"content":{"rendered":"<p>In unserem Technikblog m\u00f6chten wir euch Tipps und Tricks geben und \u00fcber Aktuelles rund um das Thema Technik, Apple, Microsoft und co informieren.<\/p>\n<p>Bitte beachtet jedoch, dass dies ein Hobbyprojekt ist und wir nicht immer regelm\u00e4\u00dfig News verfassen k\u00f6nnen.<\/p>\n","protected":false},"excerpt":{"rendered":"<p>In unserem Technikblog m\u00f6chten wir euch Tipps und Tricks geben und \u00fcber Aktuelles rund um das Thema Technik, Apple, Microsoft und co informieren. Bitte beachtet jedoch, dass dies ein Hobbyprojekt ist und wir nicht immer regelm\u00e4\u00dfig News verfassen k\u00f6nnen.<\/p>\n","protected":false},"author":1,"featured_media":0,"parent":0,"menu_order":0,"comment_status":"open","ping_status":"open","template":"","meta":{"jetpack_post_was_ever_published":false,"footnotes":""},"class_list":["post-2","page","type-page","status-publish","hentry"],"jetpack_sharing_enabled":true,"_links":{"self":[{"href":"https:\/\/www.1rf.tv\/technik\/wp-json\/wp\/v2\/pages\/2","targetHints":{"allow":["GET"]}}],"collection":[{"href":"https:\/\/www.1rf.tv\/technik\/wp-json\/wp\/v2\/pages"}],"about":[{"href":"https:\/\/www.1rf.tv\/technik\/wp-json\/wp\/v2\/types\/page"}],"author":[{"embeddable":true,"href":"https:\/\/www.1rf.tv\/technik\/wp-json\/wp\/v2\/users\/1"}],"replies":[{"embeddable":true,"href":"https:\/\/www.1rf.tv\/technik\/wp-json\/wp\/v2\/comments?post=2"}],"version-history":[{"count":0,"href":"https:\/\/www.1rf.tv\/technik\/wp-json\/wp\/v2\/pages\/2\/revisions"}],"wp:attachment":[{"href":"https:\/\/www.1rf.tv\/technik\/wp-json\/wp\/v2\/media?parent=2"}],"curies":[{"name":"wp","href":"https:\/\/api.w.org\/{rel}","templated":true}]}}